{"id":17,"date":"2025-04-07T15:27:38","date_gmt":"2025-04-07T13:27:38","guid":{"rendered":"http:\/\/domarechal.fr\/test3\/?page_id=17"},"modified":"2025-04-07T15:27:54","modified_gmt":"2025-04-07T13:27:54","slug":"mode","status":"publish","type":"page","link":"https:\/\/domarechal.fr\/test3\/mode\/","title":{"rendered":"MODE"},"content":{"rendered":"\n<p><strong>SACS A MAIN<\/strong><\/p>\n\n\n\n<p>Choisissez votre meilleur sac \u00e0 main pour cet \u00e9t\u00e9 !<\/p>\n","protected":false},"excerpt":{"rendered":"<p>SACS A MAIN Choisissez votre meilleur sac \u00e0 main pour cet \u00e9t\u00e9 !<\/p>\n","protected":false},"author":1,"featured_media":0,"parent":0,"menu_order":0,"comment_status":"closed","ping_status":"closed","template":"","meta":{"neve_meta_sidebar":"","neve_meta_container":"","neve_meta_enable_content_width":"","neve_meta_content_width":0,"neve_meta_title_alignment":"center","neve_meta_author_avatar":"","neve_post_elements_order":"","neve_meta_disable_header":"","neve_meta_disable_footer":"","neve_meta_disable_title":"","footnotes":""},"class_list":["post-17","page","type-page","status-publish","hentry"],"_links":{"self":[{"href":"https:\/\/domarechal.fr\/test3\/wp-json\/wp\/v2\/pages\/17","targetHints":{"allow":["GET"]}}],"collection":[{"href":"https:\/\/domarechal.fr\/test3\/wp-json\/wp\/v2\/pages"}],"about":[{"href":"https:\/\/domarechal.fr\/test3\/wp-json\/wp\/v2\/types\/page"}],"author":[{"embeddable":true,"href":"https:\/\/domarechal.fr\/test3\/wp-json\/wp\/v2\/users\/1"}],"replies":[{"embeddable":true,"href":"https:\/\/domarechal.fr\/test3\/wp-json\/wp\/v2\/comments?post=17"}],"version-history":[{"count":1,"href":"https:\/\/domarechal.fr\/test3\/wp-json\/wp\/v2\/pages\/17\/revisions"}],"predecessor-version":[{"id":27,"href":"https:\/\/domarechal.fr\/test3\/wp-json\/wp\/v2\/pages\/17\/revisions\/27"}],"wp:attachment":[{"href":"https:\/\/domarechal.fr\/test3\/wp-json\/wp\/v2\/media?parent=17"}],"curies":[{"name":"wp","href":"https:\/\/api.w.org\/{rel}","templated":true}]}}